{"id":81,"date":"2024-02-18T18:43:38","date_gmt":"2024-02-18T18:43:38","guid":{"rendered":"https:\/\/feelthemoment.lt\/?page_id=81"},"modified":"2024-02-27T11:42:35","modified_gmt":"2024-02-27T11:42:35","slug":"atsiliepimai","status":"publish","type":"page","link":"https:\/\/feelthemoment.lt\/?page_id=81","title":{"rendered":"Atsiliepimai"},"content":{"rendered":"\t\t<div data-elementor-type=\"wp-page\" data-elementor-id=\"81\" class=\"elementor elementor-81\">\n\t\t\t\t<div class=\"elementor-element elementor-element-b946e2d e-flex e-con-boxed elementor-invisible e-con e-parent\" data-id=\"b946e2d\" data-element_type=\"container\" data-e-type=\"container\" data-settings=\"{&quot;animation&quot;:&quot;tada&quot;}\">\n\t\t\t\t\t<div class=\"e-con-inner\">\n\t\t\t\t<div class=\"elementor-element elementor-element-7b5c5b9 elementor-widget elementor-widget-shortcode\" data-id=\"7b5c5b9\" data-element_type=\"widget\" data-e-type=\"widget\" data-widget_type=\"shortcode.default\">\n\t\t\t\t<div class=\"elementor-widget-container\">\n\t\t\t\t\t\t\t<div class=\"elementor-shortcode\">\n    <div class=\"xs-review-box view-review-list\" id=\"xs-review-box\">\n        <h3 class=\"total-reivew-headding\"> \n\t\t\t5 Reviews\t\t<\/h3>\n        <div class=\"xs-review-box-item\">\n\t\t\t            <div class=\"xs-review-media review-full\">\n\t\t\t\t                <div class=\"xs-reviewer-details\">\n\t\t\t\t\t<div class=\"review-reviwer-info-section\">                            <div class=\"xs-reviewer-author\">\n                                <span class=\"xs_review_name\"> Gabriela <\/span>\n\t\t\t\t\t\t\t\t                            <\/div>\n\t\t\t\t\t\t<div class=\"xs-review-rattting\"><span class=\"screen-rattting-text\"> 5 <\/span><div class=\"xs-star dashicons-before dashicons-star-filled\"><\/div><div class=\"xs-star dashicons-before dashicons-star-filled\"><\/div><div class=\"xs-star dashicons-before dashicons-star-filled\"><\/div><div class=\"xs-star dashicons-before dashicons-star-filled\"><\/div><div class=\"xs-star dashicons-before dashicons-star-filled\"><\/div><\/div>                            <div class=\"xs-review-summery\">\n                                <p> Labai d\u017eiaugiuosi, kad savo gimtadienio akimirkas patik\u0117jau fotografuoti b\u016btent Viktorijai! Nuotraukos gavosi nuostabios \u2013 jaukios ir pilnos emocij\u0173. Viktorija moka pagauti tikras, nuo\u0161ird\u017eias akimirkas, o jos profesionalumas ir \u0161iltas bendravimas suk\u016br\u0117 labai maloni\u0105 atmosfer\u0105.\ud83e\udd70 <\/p>\n                            <\/div>\n\t\t\t\t\t\t                <\/div>\n            <\/div>\n\t\t<div class=\"border-div\"> <\/div>                <div class=\"xs-reviewer-details\">\n\t\t\t\t\t<div class=\"review-reviwer-info-section\">                            <div class=\"xs-reviewer-author\">\n                                <span class=\"xs_review_name\"> Evelina <\/span>\n\t\t\t\t\t\t\t\t                            <\/div>\n\t\t\t\t\t\t<div class=\"xs-review-rattting\"><span class=\"screen-rattting-text\"> 5 <\/span><div class=\"xs-star dashicons-before dashicons-star-filled\"><\/div><div class=\"xs-star dashicons-before dashicons-star-filled\"><\/div><div class=\"xs-star dashicons-before dashicons-star-filled\"><\/div><div class=\"xs-star dashicons-before dashicons-star-filled\"><\/div><div class=\"xs-star dashicons-before dashicons-star-filled\"><\/div><\/div>                            <div class=\"xs-review-summery\">\n                                <p> D\u017eiaugiuosi fotosesijos rezultatu! Fotograf\u0117 maloni, puikiai padeda jautis laisvai prie\u0161 kamer\u0105. \ud83e\udd70 <\/p>\n                            <\/div>\n\t\t\t\t\t\t                <\/div>\n            <\/div>\n\t\t<div class=\"border-div\"> <\/div>                <div class=\"xs-reviewer-details\">\n\t\t\t\t\t<div class=\"review-reviwer-info-section\">                            <div class=\"xs-reviewer-author\">\n                                <span class=\"xs_review_name\"> Brigita <\/span>\n\t\t\t\t\t\t\t\t                            <\/div>\n\t\t\t\t\t\t<div class=\"xs-review-rattting\"><span class=\"screen-rattting-text\"> 5 <\/span><div class=\"xs-star dashicons-before dashicons-star-filled\"><\/div><div class=\"xs-star dashicons-before dashicons-star-filled\"><\/div><div class=\"xs-star dashicons-before dashicons-star-filled\"><\/div><div class=\"xs-star dashicons-before dashicons-star-filled\"><\/div><div class=\"xs-star dashicons-before dashicons-star-filled\"><\/div><\/div>                            <div class=\"xs-review-summery\">\n                                <p> Nuostabiai atliktas darbas, nuotraukos gavosi geriau negu tik\u0117tasi!\u2764\ufe0f A\u010di\u016b u\u017e gra\u017eius kadrus bei linksm\u0105 atmosfer\u0105 fotosesijos metu\ud83e\udd70 <\/p>\n                            <\/div>\n\t\t\t\t\t\t                <\/div>\n            <\/div>\n\t\t<div class=\"border-div\"> <\/div>                <div class=\"xs-reviewer-details\">\n\t\t\t\t\t<div class=\"review-reviwer-info-section\">                            <div class=\"xs-reviewer-author\">\n                                <span class=\"xs_review_name\"> Rosita <\/span>\n\t\t\t\t\t\t\t\t                            <\/div>\n\t\t\t\t\t\t<div class=\"xs-review-rattting\"><span class=\"screen-rattting-text\"> 5 <\/span><div class=\"xs-star dashicons-before dashicons-star-filled\"><\/div><div class=\"xs-star dashicons-before dashicons-star-filled\"><\/div><div class=\"xs-star dashicons-before dashicons-star-filled\"><\/div><div class=\"xs-star dashicons-before dashicons-star-filled\"><\/div><div class=\"xs-star dashicons-before dashicons-star-filled\"><\/div><\/div>                            <div class=\"xs-review-summery\">\n                                <p> Nuostabi fotograf\u0117 \ud83e\ude77 <\/p>\n                            <\/div>\n\t\t\t\t\t\t                <\/div>\n            <\/div>\n\t\t<div class=\"border-div\"> <\/div>                <div class=\"xs-reviewer-details\">\n\t\t\t\t\t<div class=\"review-reviwer-info-section\">                            <div class=\"xs-reviewer-author\">\n                                <span class=\"xs_review_name\"> Emilija <\/span>\n\t\t\t\t\t\t\t\t                            <\/div>\n\t\t\t\t\t\t<div class=\"xs-review-rattting\"><span class=\"screen-rattting-text\"> 5 <\/span><div class=\"xs-star dashicons-before dashicons-star-filled\"><\/div><div class=\"xs-star dashicons-before dashicons-star-filled\"><\/div><div class=\"xs-star dashicons-before dashicons-star-filled\"><\/div><div class=\"xs-star dashicons-before dashicons-star-filled\"><\/div><div class=\"xs-star dashicons-before dashicons-star-filled\"><\/div><\/div>                            <div class=\"xs-review-summery\">\n                                <p> Nuostabi fotograf\u0117, puik\u016bs rezultatai garantuoti! \u2764\ufe0f <\/p>\n                            <\/div>\n\t\t\t\t\t\t                <\/div>\n            <\/div>\n\t\t            <div class=\"xs-review-pagination\">\n\t\t\t\t            <\/div>\n\t\t        <\/div>\n\t\t\t\t    <\/div>\n    <\/div>\n\n\t    <form action=\"https:\/\/feelthemoment.lt\/?xs_review=156\" name=\"xs_review_form_public_data\" method=\"post\"\n          id=\"xs_review_form_public_data\">\n\n        <div class=\"xs-review-box public-xs-review-box\" id=\"xs-review-box\">\n            <h3 class=\"write-reivew-headding\">\n\t\t\t\tWrite a Review <\/h3>\n\t\t\t                                <div class=\"xs-review xs-select\"\n                                     style=\"\">\n\t\t\t\t\t\t\t\t\t                                        <div class=\"xs-review-rating-stars text-center\">\n                                            <ul id=\"xs_review_stars\">\n\t\t\t\t\t\t\t\t\t\t\t\t                                                    <li class=\"star-li star  selected\" data-value=\"1\">\n\t\t\t\t\t\t\t\t\t\t\t\t\t\t                                                            <i class=\"xs-star dashicons-before dashicons-star-filled\"><\/i>\n\t\t\t\t\t\t\t\t\t\t\t\t\t\t                                                    <\/li>\n\t\t\t\t\t\t\t\t\t\t\t\t                                                    <li class=\"star-li star  \" data-value=\"2\">\n\t\t\t\t\t\t\t\t\t\t\t\t\t\t                                                            <i class=\"xs-star dashicons-before dashicons-star-filled\"><\/i>\n\t\t\t\t\t\t\t\t\t\t\t\t\t\t                                                    <\/li>\n\t\t\t\t\t\t\t\t\t\t\t\t                                                    <li class=\"star-li star  \" data-value=\"3\">\n\t\t\t\t\t\t\t\t\t\t\t\t\t\t                                                            <i class=\"xs-star dashicons-before dashicons-star-filled\"><\/i>\n\t\t\t\t\t\t\t\t\t\t\t\t\t\t                                                    <\/li>\n\t\t\t\t\t\t\t\t\t\t\t\t                                                    <li class=\"star-li star  \" data-value=\"4\">\n\t\t\t\t\t\t\t\t\t\t\t\t\t\t                                                            <i class=\"xs-star dashicons-before dashicons-star-filled\"><\/i>\n\t\t\t\t\t\t\t\t\t\t\t\t\t\t                                                    <\/li>\n\t\t\t\t\t\t\t\t\t\t\t\t                                                    <li class=\"star-li star  \" data-value=\"5\">\n\t\t\t\t\t\t\t\t\t\t\t\t\t\t                                                            <i class=\"xs-star dashicons-before dashicons-star-filled\"><\/i>\n\t\t\t\t\t\t\t\t\t\t\t\t\t\t                                                    <\/li>\n\t\t\t\t\t\t\t\t\t\t\t\t                                            <\/ul>\n                                            <div id=\"review_data_show\"><\/div>\n                                            <input type=\"hidden\" id=\"ratting_review_hidden\"\n                                                   name=\"xs_submit_review_data[xs_reviwer_ratting]\"\n                                                   value=\"1\" required \/>\n                                        <\/div>\n\t\t\t\t\t\t\t\t\t                                <\/div>\n\t\t\t\t\t\t\t\t                                <div class=\"xs-review xs-text\"\n                                     style=\"display:block;\">\n                                    <!-- <label for=\"xs_reviwer_name\" > J\u016bs\u0173 vardas -->\n                                    <input type=\"text\"\n                                           placeholder=\"J\u016bs\u0173 vardas\"\n                                           id=\"xs_reviwer_name\"\n                                           class=\"widefat xs_reviwer_name\"\n                                           name=\"xs_submit_review_data[xs_reviwer_name]\"\n                                           value=\"\"  \/>\n                                    <!--<\/label>-->\n                                <\/div>\n\t\t\t\t\t\t\t                                <div class=\"xs-review xs-text\"\n                                     style=\"display:block;\">\n                                    <!-- <label for=\"xs_reviwer_email\" > Reviewer Email -->\n                                    <input type=\"text\"\n                                           placeholder=\"Reviewer Email\"\n                                           id=\"xs_reviwer_email\"\n                                           class=\"widefat xs_reviwer_email\"\n                                           name=\"xs_submit_review_data[xs_reviwer_email]\"\n                                           value=\"\" required \/>\n                                    <!--<\/label>-->\n                                <\/div>\n\t\t\t\t\t\t\t                                <div class=\"xs-review xs-textarea\"\n                                     style=\"\">\n                                    <!-- <label for=\"xs_reviw_summery\" > Atsiliepimas -->\n                                    <textarea id=\"xs_reviw_summery\"\n                                              class=\"widefat xs_reviw_summery\"\n                                              name=\"xs_submit_review_data[xs_reviw_summery]\" required                                              placeholder=\"Atsiliepimas\"><\/textarea>\n                                    <!--<\/label>-->\n                                <\/div>\n\t\t\t\t\t\t\t\t                <input type=\"hidden\" value=\"81\"\n                       name=\"xs_submit_review_data[xs_post_id]\"\/>\n                <input type=\"hidden\" value=\"page\"\n                       name=\"xs_submit_review_data[xs_post_type]\"\/>\n                <input type=\"hidden\" value=\"0\"\n                       name=\"xs_submit_review_data[xs_post_author]\"\/>\n\t\t\t\t<input type=\"hidden\" id=\"_wpnonce\" name=\"_wpnonce\" value=\"bb58f9adff\" \/><input type=\"hidden\" name=\"_wp_http_referer\" value=\"\/index.php?rest_route=%2Fwp%2Fv2%2Fpages%2F81\" \/>                <div class=\"xs-review xs-save-button\">\n                    <button type=\"submit\" name=\"xs_review_form_public_data\"\n                            class=\"xs-btn primary\">Submit Review<\/button>\n                <\/div>\n\n\t\t\t\t        <\/div>\n    <\/form>\n<\/div>\n\t\t\t\t\t\t<\/div>\n\t\t\t\t<\/div>\n\t\t\t\t\t<\/div>\n\t\t\t\t<\/div>\n\t\t\t\t<\/div>\n\t\t","protected":false},"excerpt":{"rendered":"","protected":false},"author":1,"featured_media":0,"parent":0,"menu_order":0,"comment_status":"closed","ping_status":"closed","template":"","meta":{"footnotes":""},"class_list":["post-81","page","type-page","status-publish","hentry"],"_links":{"self":[{"href":"https:\/\/feelthemoment.lt\/index.php?rest_route=\/wp\/v2\/pages\/81","targetHints":{"allow":["GET"]}}],"collection":[{"href":"https:\/\/feelthemoment.lt\/index.php?rest_route=\/wp\/v2\/pages"}],"about":[{"href":"https:\/\/feelthemoment.lt\/index.php?rest_route=\/wp\/v2\/types\/page"}],"author":[{"embeddable":true,"href":"https:\/\/feelthemoment.lt\/index.php?rest_route=\/wp\/v2\/users\/1"}],"replies":[{"embeddable":true,"href":"https:\/\/feelthemoment.lt\/index.php?rest_route=%2Fwp%2Fv2%2Fcomments&post=81"}],"version-history":[{"count":10,"href":"https:\/\/feelthemoment.lt\/index.php?rest_route=\/wp\/v2\/pages\/81\/revisions"}],"predecessor-version":[{"id":201,"href":"https:\/\/feelthemoment.lt\/index.php?rest_route=\/wp\/v2\/pages\/81\/revisions\/201"}],"wp:attachment":[{"href":"https:\/\/feelthemoment.lt\/index.php?rest_route=%2Fwp%2Fv2%2Fmedia&parent=81"}],"curies":[{"name":"wp","href":"https:\/\/api.w.org\/{rel}","templated":true}]}}