{"id":79,"date":"2024-02-18T18:43:19","date_gmt":"2024-02-18T18:43:19","guid":{"rendered":"https:\/\/feelthemoment.lt\/?page_id=79"},"modified":"2024-02-18T21:05:00","modified_gmt":"2024-02-18T21:05:00","slug":"kontaktai","status":"publish","type":"page","link":"https:\/\/feelthemoment.lt\/?page_id=79","title":{"rendered":"Kontaktai"},"content":{"rendered":"\t\t<div data-elementor-type=\"wp-page\" data-elementor-id=\"79\" class=\"elementor elementor-79\">\n\t\t\t\t<div class=\"elementor-element elementor-element-96ea211 e-flex e-con-boxed elementor-invisible e-con e-parent\" data-id=\"96ea211\" data-element_type=\"container\" data-e-type=\"container\" data-settings=\"{&quot;animation&quot;:&quot;fadeInRight&quot;}\">\n\t\t\t\t\t<div class=\"e-con-inner\">\n\t\t<div class=\"elementor-element elementor-element-9bc2625 e-con-full e-flex e-con e-child\" data-id=\"9bc2625\" data-element_type=\"container\" data-e-type=\"container\">\n\t\t\t\t<div class=\"elementor-element elementor-element-eff0625 elementor-widget elementor-widget-image\" data-id=\"eff0625\" data-element_type=\"widget\" data-e-type=\"widget\" data-widget_type=\"image.default\">\n\t\t\t\t<div class=\"elementor-widget-container\">\n\t\t\t\t\t\t\t\t\t\t\t\t\t\t\t<img fetchpriority=\"high\" decoding=\"async\" width=\"700\" height=\"1024\" src=\"https:\/\/feelthemoment.lt\/wp-content\/uploads\/2024\/02\/viki-700x1024.jpg\" class=\"attachment-large size-large wp-image-44\" alt=\"Viktorija Pipilevi\u010dien\u0117\" srcset=\"https:\/\/feelthemoment.lt\/wp-content\/uploads\/2024\/02\/viki-700x1024.jpg 700w, https:\/\/feelthemoment.lt\/wp-content\/uploads\/2024\/02\/viki-205x300.jpg 205w, https:\/\/feelthemoment.lt\/wp-content\/uploads\/2024\/02\/viki-768x1123.jpg 768w, https:\/\/feelthemoment.lt\/wp-content\/uploads\/2024\/02\/viki-1051x1536.jpg 1051w, https:\/\/feelthemoment.lt\/wp-content\/uploads\/2024\/02\/viki-1401x2048.jpg 1401w, https:\/\/feelthemoment.lt\/wp-content\/uploads\/2024\/02\/viki-scaled.jpg 1751w\" sizes=\"(max-width: 700px) 100vw, 700px\" \/>\t\t\t\t\t\t\t\t\t\t\t\t\t\t\t<\/div>\n\t\t\t\t<\/div>\n\t\t\t\t<\/div>\n\t\t<div class=\"elementor-element elementor-element-5a58a6a e-con-full e-flex e-con e-child\" data-id=\"5a58a6a\" data-element_type=\"container\" data-e-type=\"container\">\n\t\t<div class=\"elementor-element elementor-element-666921d e-con-full e-flex e-con e-child\" data-id=\"666921d\" data-element_type=\"container\" data-e-type=\"container\">\n\t\t\t\t<div class=\"elementor-element elementor-element-007e75f elementor-widget elementor-widget-text-editor\" data-id=\"007e75f\" data-element_type=\"widget\" data-e-type=\"widget\" data-widget_type=\"text-editor.default\">\n\t\t\t\t<div class=\"elementor-widget-container\">\n\t\t\t\t\t\t\t\t\t<h4>Viktorija Pipilevi\u010dien\u0117<\/h4><p>Tel. nr. \u00a0<a href=\"tel:+37064708137\">+370 647 08137<\/a><\/p><p>El. pa\u0161tas\u00a0<a href=\"mailto:info@feelthemoment.lt\">info@feelthemoment.lt<\/a><\/p>\t\t\t\t\t\t\t\t<\/div>\n\t\t\t\t<\/div>\n\t\t\t\t<\/div>\n\t\t\t\t<div class=\"elementor-element elementor-element-6b4649e elementor-shape-circle elementor-grid-0 e-grid-align-center elementor-widget elementor-widget-social-icons\" data-id=\"6b4649e\" data-element_type=\"widget\" data-e-type=\"widget\" data-widget_type=\"social-icons.default\">\n\t\t\t\t<div class=\"elementor-widget-container\">\n\t\t\t\t\t\t\t<div class=\"elementor-social-icons-wrapper elementor-grid\" role=\"list\">\n\t\t\t\t\t\t\t<span class=\"elementor-grid-item\" role=\"listitem\">\n\t\t\t\t\t<a class=\"elementor-icon elementor-social-icon elementor-social-icon-facebook elementor-repeater-item-893f0af\" href=\"https:\/\/www.facebook.com\/viktorija.kuckaite\" target=\"_blank\">\n\t\t\t\t\t\t<span class=\"elementor-screen-only\">Facebook<\/span>\n\t\t\t\t\t\t<svg aria-hidden=\"true\" class=\"e-font-icon-svg e-fab-facebook\" viewBox=\"0 0 512 512\" xmlns=\"http:\/\/www.w3.org\/2000\/svg\"><path d=\"M504 256C504 119 393 8 256 8S8 119 8 256c0 123.78 90.69 226.38 209.25 245V327.69h-63V256h63v-54.64c0-62.15 37-96.48 93.67-96.48 27.14 0 55.52 4.84 55.52 4.84v61h-31.28c-30.8 0-40.41 19.12-40.41 38.73V256h68.78l-11 71.69h-57.78V501C413.31 482.38 504 379.78 504 256z\"><\/path><\/svg>\t\t\t\t\t<\/a>\n\t\t\t\t<\/span>\n\t\t\t\t\t\t\t<span class=\"elementor-grid-item\" role=\"listitem\">\n\t\t\t\t\t<a class=\"elementor-icon elementor-social-icon elementor-social-icon-instagram elementor-repeater-item-7276685\" href=\"https:\/\/www.instagram.com\/_feelthemoment.photo_\/\" target=\"_blank\">\n\t\t\t\t\t\t<span class=\"elementor-screen-only\">Instagram<\/span>\n\t\t\t\t\t\t<svg aria-hidden=\"true\" class=\"e-font-icon-svg e-fab-instagram\" viewBox=\"0 0 448 512\" xmlns=\"http:\/\/www.w3.org\/2000\/svg\"><path d=\"M224.1 141c-63.6 0-114.9 51.3-114.9 114.9s51.3 114.9 114.9 114.9S339 319.5 339 255.9 287.7 141 224.1 141zm0 189.6c-41.1 0-74.7-33.5-74.7-74.7s33.5-74.7 74.7-74.7 74.7 33.5 74.7 74.7-33.6 74.7-74.7 74.7zm146.4-194.3c0 14.9-12 26.8-26.8 26.8-14.9 0-26.8-12-26.8-26.8s12-26.8 26.8-26.8 26.8 12 26.8 26.8zm76.1 27.2c-1.7-35.9-9.9-67.7-36.2-93.9-26.2-26.2-58-34.4-93.9-36.2-37-2.1-147.9-2.1-184.9 0-35.8 1.7-67.6 9.9-93.9 36.1s-34.4 58-36.2 93.9c-2.1 37-2.1 147.9 0 184.9 1.7 35.9 9.9 67.7 36.2 93.9s58 34.4 93.9 36.2c37 2.1 147.9 2.1 184.9 0 35.9-1.7 67.7-9.9 93.9-36.2 26.2-26.2 34.4-58 36.2-93.9 2.1-37 2.1-147.8 0-184.8zM398.8 388c-7.8 19.6-22.9 34.7-42.6 42.6-29.5 11.7-99.5 9-132.1 9s-102.7 2.6-132.1-9c-19.6-7.8-34.7-22.9-42.6-42.6-11.7-29.5-9-99.5-9-132.1s-2.6-102.7 9-132.1c7.8-19.6 22.9-34.7 42.6-42.6 29.5-11.7 99.5-9 132.1-9s102.7-2.6 132.1 9c19.6 7.8 34.7 22.9 42.6 42.6 11.7 29.5 9 99.5 9 132.1s2.7 102.7-9 132.1z\"><\/path><\/svg>\t\t\t\t\t<\/a>\n\t\t\t\t<\/span>\n\t\t\t\t\t\t\t<span class=\"elementor-grid-item\" role=\"listitem\">\n\t\t\t\t\t<a class=\"elementor-icon elementor-social-icon elementor-social-icon-envelope elementor-repeater-item-f1615a1\" href=\"mailto:info@feelthemoment.lt\" target=\"_blank\">\n\t\t\t\t\t\t<span class=\"elementor-screen-only\">Envelope<\/span>\n\t\t\t\t\t\t<svg aria-hidden=\"true\" class=\"e-font-icon-svg e-fas-envelope\" viewBox=\"0 0 512 512\" xmlns=\"http:\/\/www.w3.org\/2000\/svg\"><path d=\"M502.3 190.8c3.9-3.1 9.7-.2 9.7 4.7V400c0 26.5-21.5 48-48 48H48c-26.5 0-48-21.5-48-48V195.6c0-5 5.7-7.8 9.7-4.7 22.4 17.4 52.1 39.5 154.1 113.6 21.1 15.4 56.7 47.8 92.2 47.6 35.7.3 72-32.8 92.3-47.6 102-74.1 131.6-96.3 154-113.7zM256 320c23.2.4 56.6-29.2 73.4-41.4 132.7-96.3 142.8-104.7 173.4-128.7 5.8-4.5 9.2-11.5 9.2-18.9v-19c0-26.5-21.5-48-48-48H48C21.5 64 0 85.5 0 112v19c0 7.4 3.4 14.3 9.2 18.9 30.6 23.9 40.7 32.4 173.4 128.7 16.8 12.2 50.2 41.8 73.4 41.4z\"><\/path><\/svg>\t\t\t\t\t<\/a>\n\t\t\t\t<\/span>\n\t\t\t\t\t<\/div>\n\t\t\t\t\t\t<\/div>\n\t\t\t\t<\/div>\n\t\t\t\t<\/div>\n\t\t\t\t\t<\/div>\n\t\t\t\t<\/div>\n\t\t<div class=\"elementor-element elementor-element-fb722ae e-flex e-con-boxed elementor-invisible e-con e-parent\" data-id=\"fb722ae\" data-element_type=\"container\" data-e-type=\"container\" data-settings=\"{&quot;animation&quot;:&quot;fadeInLeft&quot;}\">\n\t\t\t\t\t<div class=\"e-con-inner\">\n\t\t\t\t<div class=\"elementor-element elementor-element-fa4763c elementor-widget__width-initial elementor-widget elementor-widget-shortcode\" data-id=\"fa4763c\" data-element_type=\"widget\" data-e-type=\"widget\" data-widget_type=\"shortcode.default\">\n\t\t\t\t<div class=\"elementor-widget-container\">\n\t\t\t\t\t\t\t<div class=\"elementor-shortcode\">\n<div class=\"wpcf7 no-js\" id=\"wpcf7-f93-o1\" lang=\"lt-LT\" dir=\"ltr\" data-wpcf7-id=\"93\">\n<div class=\"screen-reader-response\"><p role=\"status\" aria-live=\"polite\" aria-atomic=\"true\"><\/p> <ul><\/ul><\/div>\n<form action=\"\/index.php?rest_route=%2Fwp%2Fv2%2Fpages%2F79#wpcf7-f93-o1\" method=\"post\" class=\"wpcf7-form init\" aria-label=\"Kontakt\u0173 forma\" novalidate=\"novalidate\" data-status=\"init\">\n<fieldset class=\"hidden-fields-container\"><input type=\"hidden\" name=\"_wpcf7\" value=\"93\" \/><input type=\"hidden\" name=\"_wpcf7_version\" value=\"6.1.5\" \/><input type=\"hidden\" name=\"_wpcf7_locale\" value=\"lt_LT\" \/><input type=\"hidden\" name=\"_wpcf7_unit_tag\" value=\"wpcf7-f93-o1\" \/><input type=\"hidden\" name=\"_wpcf7_container_post\" value=\"0\" \/><input type=\"hidden\" name=\"_wpcf7_posted_data_hash\" value=\"\" \/>\n<\/fieldset>\n<style>\n .container {\n background-color: #fff;\n width: 100%;\n padding: 30px;\n border-radius: 8px;\n box-shadow: 0 0 20px rgba(0, 0, 0, 0.1);\n box-sizing: border-box;\n }\n\n\n\n label {\n display: block;\n margin-bottom: 5px;\n font-weight: bold;\n color: #555;\n }\n\n input,\n textarea {\n width: 100%;\n padding: 10px;\n margin-bottom: 16px;\n border: 1px solid #ccc;\n border-radius: 4px;\n box-sizing: border-box;\n transition: border-color 0.3s;\n }\n\n input[type=\"submit\"] {\n background-color: #000000;\n color: #fff;\n cursor: pointer;\n border: none;\n padding: 12px;\n border-radius: 4px;\n font-size: 16px;\n transition: background-color 0.3s;\n width: 100%;\n }\n\n input[type=\"submit\"]:hover {\n background-color: #000000;\n }\n\n .privacy {\n text-align: center;\n color: #555;\n margin-top: 10px;\n font-size: 14px;\n }\n\n .privacy-info {\n font-size: 12px;\n color: #888;\n text-align: center;\n margin-top: 10px;\n }\n<\/style>\n<div class=\"container\">\n\t<h2>Susisiekime\n\t<\/h2>\n\t<p><label for=\"your-name\">Vardas:<\/label><br \/>\n<input type=\"text\" id=\"your-name\" name=\"your-name\" autocomplete=\"name\" required \/>\n\t<\/p>\n\t<p><label for=\"your-email\">El. pa\u0161tas:<\/label><br \/>\n<input type=\"email\" id=\"your-email\" name=\"your-email\" autocomplete=\"email\" required \/>\n\t<\/p>\n\t<p><label for=\"your-phone\">Telefonas:<\/label><br \/>\n<input type=\"tel\" id=\"your-phone\" name=\"your-phone\" required \/>\n\t<\/p>\n\t<p><label for=\"your-message\">\u017dinut\u0117:<\/label><br \/>\n<textarea id=\"your-message\" name=\"your-message\" required><\/textarea>\n\t<\/p>\n\t<p><input type=\"submit\" value=\"Si\u0173sti\" \/>\n\t<\/p>\n\t<p class=\"privacy\">* J\u016bs\u0173 duomenys n\u0117ra vie\u0161inami\n\t<\/p>\n\t<p class=\"privacy-info\">Gerbiu j\u016bs\u0173 privatum\u0105\n\t<\/p>\n<\/div><p style=\"display: none !important;\" class=\"akismet-fields-container\" data-prefix=\"_wpcf7_ak_\"><label>&#916;<textarea name=\"_wpcf7_ak_hp_textarea\" cols=\"45\" rows=\"8\" maxlength=\"100\"><\/textarea><\/label><input type=\"hidden\" id=\"ak_js_1\" name=\"_wpcf7_ak_js\" value=\"152\"\/><script>document.getElementById( \"ak_js_1\" ).setAttribute( \"value\", ( new Date() ).getTime() );<\/script><\/p><div class=\"wpcf7-response-output\" aria-hidden=\"true\"><\/div>\n<\/form>\n<\/div>\n<\/div>\n\t\t\t\t\t\t<\/div>\n\t\t\t\t<\/div>\n\t\t\t\t\t<\/div>\n\t\t\t\t<\/div>\n\t\t\t\t<\/div>\n\t\t","protected":false},"excerpt":{"rendered":"<p>Viktorija Pipilevi\u010dien\u0117 Tel. nr. \u00a0+370 647 08137 El. pa\u0161tas\u00a0info@feelthemoment.lt Facebook Instagram Envelope<\/p>\n","protected":false},"author":1,"featured_media":0,"parent":0,"menu_order":0,"comment_status":"closed","ping_status":"closed","template":"","meta":{"footnotes":""},"class_list":["post-79","page","type-page","status-publish","hentry"],"_links":{"self":[{"href":"https:\/\/feelthemoment.lt\/index.php?rest_route=\/wp\/v2\/pages\/79","targetHints":{"allow":["GET"]}}],"collection":[{"href":"https:\/\/feelthemoment.lt\/index.php?rest_route=\/wp\/v2\/pages"}],"about":[{"href":"https:\/\/feelthemoment.lt\/index.php?rest_route=\/wp\/v2\/types\/page"}],"author":[{"embeddable":true,"href":"https:\/\/feelthemoment.lt\/index.php?rest_route=\/wp\/v2\/users\/1"}],"replies":[{"embeddable":true,"href":"https:\/\/feelthemoment.lt\/index.php?rest_route=%2Fwp%2Fv2%2Fcomments&post=79"}],"version-history":[{"count":19,"href":"https:\/\/feelthemoment.lt\/index.php?rest_route=\/wp\/v2\/pages\/79\/revisions"}],"predecessor-version":[{"id":127,"href":"https:\/\/feelthemoment.lt\/index.php?rest_route=\/wp\/v2\/pages\/79\/revisions\/127"}],"wp:attachment":[{"href":"https:\/\/feelthemoment.lt\/index.php?rest_route=%2Fwp%2Fv2%2Fmedia&parent=79"}],"curies":[{"name":"wp","href":"https:\/\/api.w.org\/{rel}","templated":true}]}}