{"id":42,"date":"2024-02-18T14:56:29","date_gmt":"2024-02-18T14:56:29","guid":{"rendered":"https:\/\/feelthemoment.lt\/?page_id=42"},"modified":"2025-02-06T19:48:16","modified_gmt":"2025-02-06T19:48:16","slug":"elementor-42","status":"publish","type":"page","link":"https:\/\/feelthemoment.lt\/","title":{"rendered":"Pagrindinis"},"content":{"rendered":"\t\t<div data-elementor-type=\"wp-post\" data-elementor-id=\"42\" class=\"elementor elementor-42\">\n\t\t\t\t<div class=\"elementor-element elementor-element-f7800ce e-flex e-con-boxed e-con e-parent\" data-id=\"f7800ce\" data-element_type=\"container\" data-e-type=\"container\">\n\t\t\t\t\t<div class=\"e-con-inner\">\n\t\t<div class=\"elementor-element elementor-element-7171c5b e-con-full e-flex e-con e-child\" data-id=\"7171c5b\" data-element_type=\"container\" data-e-type=\"container\">\n\t\t\t\t<div class=\"elementor-element elementor-element-5b54e43 elementor-invisible elementor-widget elementor-widget-heading\" data-id=\"5b54e43\" data-element_type=\"widget\" data-e-type=\"widget\" data-settings=\"{&quot;_animation&quot;:&quot;fadeInRight&quot;}\" data-widget_type=\"heading.default\">\n\t\t\t\t<div class=\"elementor-widget-container\">\n\t\t\t\t\t<h2 class=\"elementor-heading-title elementor-size-default\">Labas, a\u0161 Viktorija.<\/h2>\t\t\t\t<\/div>\n\t\t\t\t<\/div>\n\t\t\t\t<div class=\"elementor-element elementor-element-06798a0 elementor-invisible elementor-widget elementor-widget-image\" data-id=\"06798a0\" data-element_type=\"widget\" data-e-type=\"widget\" data-settings=\"{&quot;_animation&quot;:&quot;fadeInLeft&quot;}\" data-widget_type=\"image.default\">\n\t\t\t\t<div class=\"elementor-widget-container\">\n\t\t\t\t\t\t\t\t\t\t\t\t\t\t\t<img fetchpriority=\"high\" decoding=\"async\" width=\"700\" height=\"1024\" src=\"https:\/\/feelthemoment.lt\/wp-content\/uploads\/2024\/02\/viki-700x1024.jpg\" class=\"attachment-large size-large wp-image-44\" alt=\"Viktorija Pipilevi\u010dien\u0117\" srcset=\"https:\/\/feelthemoment.lt\/wp-content\/uploads\/2024\/02\/viki-700x1024.jpg 700w, https:\/\/feelthemoment.lt\/wp-content\/uploads\/2024\/02\/viki-205x300.jpg 205w, https:\/\/feelthemoment.lt\/wp-content\/uploads\/2024\/02\/viki-768x1123.jpg 768w, https:\/\/feelthemoment.lt\/wp-content\/uploads\/2024\/02\/viki-1051x1536.jpg 1051w, https:\/\/feelthemoment.lt\/wp-content\/uploads\/2024\/02\/viki-1401x2048.jpg 1401w, https:\/\/feelthemoment.lt\/wp-content\/uploads\/2024\/02\/viki-scaled.jpg 1751w\" sizes=\"(max-width: 700px) 100vw, 700px\" \/>\t\t\t\t\t\t\t\t\t\t\t\t\t\t\t<\/div>\n\t\t\t\t<\/div>\n\t\t\t\t<\/div>\n\t\t<div class=\"elementor-element elementor-element-f1f4a6e e-con-full e-flex e-con e-child\" data-id=\"f1f4a6e\" data-element_type=\"container\" data-e-type=\"container\">\n\t\t\t\t<div class=\"elementor-element elementor-element-8248629 elementor-widget elementor-widget-text-editor\" data-id=\"8248629\" data-element_type=\"widget\" data-e-type=\"widget\" data-widget_type=\"text-editor.default\">\n\t\t\t\t<div class=\"elementor-widget-container\">\n\t\t\t\t\t\t\t\t\t<h5>Geriausias fotografas tai ne tas, kuris puikiausiai moka valdyti fotoaparat\u0105 ar redaguoti nuotraukas, bet tas, kuris sugeba perteikti jausmus, sugauti tai, ko ne\u012fmanoma apra\u0161yti \u017eod\u017eiais, ir suformuoti vizij\u0105, kuri u\u017ekabins \u017ei\u016brov\u0105 ir privers j\u012f sustoti, pam\u0105styti, gyventi. Tai menininkas, kurio kiekvienas darbas \u2013 tai ne tik techni\u0161kai tobula nuotrauka, bet ir \u0161irdies \u0161auksmas, pasakojimas be \u017eod\u017ei\u0173, gro\u017eio ir prasm\u0117s suradimas net pa\u010diose nepastebimiausiose detal\u0117se.<\/h5>\t\t\t\t\t\t\t\t<\/div>\n\t\t\t\t<\/div>\n\t\t\t\t<\/div>\n\t\t\t\t\t<\/div>\n\t\t\t\t<\/div>\n\t\t<div class=\"elementor-element elementor-element-918b626 e-grid e-con-boxed e-con e-parent\" data-id=\"918b626\" data-element_type=\"container\" data-e-type=\"container\">\n\t\t\t\t\t<div class=\"e-con-inner\">\n\t\t\t\t<div class=\"elementor-element elementor-element-45e0578 elementor-align-justify elementor-widget elementor-widget-button\" data-id=\"45e0578\" data-element_type=\"widget\" data-e-type=\"widget\" data-widget_type=\"button.default\">\n\t\t\t\t<div class=\"elementor-widget-container\">\n\t\t\t\t\t\t\t\t\t<div class=\"elementor-button-wrapper\">\n\t\t\t\t\t<a class=\"elementor-button elementor-button-link elementor-size-sm\" href=\"https:\/\/feelthemoment.lt\/?page_id=136\">\n\t\t\t\t\t\t<span class=\"elementor-button-content-wrapper\">\n\t\t\t\t\t\t\t\t\t<span class=\"elementor-button-text\">Asmenin\u0117s fotosesijos<\/span>\n\t\t\t\t\t<\/span>\n\t\t\t\t\t<\/a>\n\t\t\t\t<\/div>\n\t\t\t\t\t\t\t\t<\/div>\n\t\t\t\t<\/div>\n\t\t\t\t<div class=\"elementor-element elementor-element-1305c6a elementor-align-justify elementor-widget elementor-widget-button\" data-id=\"1305c6a\" data-element_type=\"widget\" data-e-type=\"widget\" data-widget_type=\"button.default\">\n\t\t\t\t<div class=\"elementor-widget-container\">\n\t\t\t\t\t\t\t\t\t<div class=\"elementor-button-wrapper\">\n\t\t\t\t\t<a class=\"elementor-button elementor-button-link elementor-size-sm\" href=\"https:\/\/feelthemoment.lt\/?page_id=138\">\n\t\t\t\t\t\t<span class=\"elementor-button-content-wrapper\">\n\t\t\t\t\t\t\t\t\t<span class=\"elementor-button-text\">Por\u0173 fotosesijos<\/span>\n\t\t\t\t\t<\/span>\n\t\t\t\t\t<\/a>\n\t\t\t\t<\/div>\n\t\t\t\t\t\t\t\t<\/div>\n\t\t\t\t<\/div>\n\t\t\t\t<div class=\"elementor-element elementor-element-a416268 elementor-align-justify elementor-widget elementor-widget-button\" data-id=\"a416268\" data-element_type=\"widget\" data-e-type=\"widget\" data-widget_type=\"button.default\">\n\t\t\t\t<div class=\"elementor-widget-container\">\n\t\t\t\t\t\t\t\t\t<div class=\"elementor-button-wrapper\">\n\t\t\t\t\t<a class=\"elementor-button elementor-button-link elementor-size-sm\" href=\"https:\/\/feelthemoment.lt\/?page_id=343\">\n\t\t\t\t\t\t<span class=\"elementor-button-content-wrapper\">\n\t\t\t\t\t\t\t\t\t<span class=\"elementor-button-text\">Komercin\u0117 fotografija<\/span>\n\t\t\t\t\t<\/span>\n\t\t\t\t\t<\/a>\n\t\t\t\t<\/div>\n\t\t\t\t\t\t\t\t<\/div>\n\t\t\t\t<\/div>\n\t\t\t\t<div class=\"elementor-element elementor-element-e0f6a69 elementor-align-justify elementor-widget elementor-widget-button\" data-id=\"e0f6a69\" data-element_type=\"widget\" data-e-type=\"widget\" data-widget_type=\"button.default\">\n\t\t\t\t<div class=\"elementor-widget-container\">\n\t\t\t\t\t\t\t\t\t<div class=\"elementor-button-wrapper\">\n\t\t\t\t\t<a class=\"elementor-button elementor-button-link elementor-size-sm\" href=\"https:\/\/feelthemoment.lt\/?page_id=140\">\n\t\t\t\t\t\t<span class=\"elementor-button-content-wrapper\">\n\t\t\t\t\t\t\t\t\t<span class=\"elementor-button-text\">Rengini\u0173 fotosesijos<\/span>\n\t\t\t\t\t<\/span>\n\t\t\t\t\t<\/a>\n\t\t\t\t<\/div>\n\t\t\t\t\t\t\t\t<\/div>\n\t\t\t\t<\/div>\n\t\t\t\t\t<\/div>\n\t\t\t\t<\/div>\n\t\t\t\t<\/div>\n\t\t","protected":false},"excerpt":{"rendered":"<p>Labas, a\u0161 Viktorija. Geriausias fotografas tai ne tas, kuris puikiausiai moka valdyti fotoaparat\u0105 ar redaguoti nuotraukas, bet tas, kuris sugeba perteikti jausmus, sugauti tai, ko ne\u012fmanoma apra\u0161yti \u017eod\u017eiais, ir suformuoti vizij\u0105, kuri u\u017ekabins \u017ei\u016brov\u0105 ir privers j\u012f sustoti, pam\u0105styti, gyventi. Tai menininkas, kurio kiekvienas darbas \u2013 tai ne tik techni\u0161kai tobula nuotrauka, bet ir \u0161irdies [&hellip;]<\/p>\n","protected":false},"author":1,"featured_media":0,"parent":0,"menu_order":0,"comment_status":"closed","ping_status":"closed","template":"page-no-title","meta":{"footnotes":""},"class_list":["post-42","page","type-page","status-publish","hentry"],"_links":{"self":[{"href":"https:\/\/feelthemoment.lt\/index.php?rest_route=\/wp\/v2\/pages\/42","targetHints":{"allow":["GET"]}}],"collection":[{"href":"https:\/\/feelthemoment.lt\/index.php?rest_route=\/wp\/v2\/pages"}],"about":[{"href":"https:\/\/feelthemoment.lt\/index.php?rest_route=\/wp\/v2\/types\/page"}],"author":[{"embeddable":true,"href":"https:\/\/feelthemoment.lt\/index.php?rest_route=\/wp\/v2\/users\/1"}],"replies":[{"embeddable":true,"href":"https:\/\/feelthemoment.lt\/index.php?rest_route=%2Fwp%2Fv2%2Fcomments&post=42"}],"version-history":[{"count":30,"href":"https:\/\/feelthemoment.lt\/index.php?rest_route=\/wp\/v2\/pages\/42\/revisions"}],"predecessor-version":[{"id":374,"href":"https:\/\/feelthemoment.lt\/index.php?rest_route=\/wp\/v2\/pages\/42\/revisions\/374"}],"wp:attachment":[{"href":"https:\/\/feelthemoment.lt\/index.php?rest_route=%2Fwp%2Fv2%2Fmedia&parent=42"}],"curies":[{"name":"wp","href":"https:\/\/api.w.org\/{rel}","templated":true}]}}